{"id":1076,"date":"2022-12-22T09:26:58","date_gmt":"2022-12-22T06:26:58","guid":{"rendered":"http:\/\/ebrununsozlugu.com\/?post_type=product&#038;p=1076"},"modified":"2024-07-02T00:09:24","modified_gmt":"2024-07-01T21:09:24","slug":"turk-idare-tarihi","status":"publish","type":"product","link":"https:\/\/ebrununsozlugu.com\/index.php\/urun\/turk-idare-tarihi\/","title":{"rendered":"T\u00fcrk \u0130dare Tarihi"},"content":{"rendered":"<p><strong>T\u00fcrk \u0130dare Tarihi<\/strong><\/p>\n<p>&nbsp;<\/p>\n<p>Uzun s\u00fcren \u00e7al\u0131\u015fmalar sonucunda, sizleri ba\u015far\u0131ya do\u011fru, h\u0131zl\u0131 ve emin yollardan ula\u015ft\u0131rmay\u0131 ama\u00e7 edinen, t\u00fcm dersler i\u00e7in, ayr\u0131 ayr\u0131 19 y\u0131lda d\u00fczenlenmi\u015f, \u00fclkemizdeki ilk ve tek akademik s\u00f6zl\u00fckt\u00fcr.<\/p>\n<p>Kelimeler, Anadolu \u00dcniversitesi ba\u015fta olmak \u00fczere, a\u00e7\u0131k \u00f6\u011fretim ve uzaktan e\u011fitim veren \u00fcniversitelerdeki ders kitaplar\u0131ndan belirlenmi\u015ftir.<\/p>\n<p>Anadolu \u00dcniversitesi, Gazi \u00dcniversitesi, \u0130stanbul \u00dcniversitesi, \u0130stanbul Teknik \u00dcniversitesi, Yeditepe \u00dcniversitesi, Beykent \u00dcniversitesi, Marmara \u00dcniversitesi gibi bir\u00e7ok \u00fcniversitenin \u0130ktisadi ve \u0130dari Bilimler Dekanlar\u0131na sunularak; onay al\u0131nm\u0131\u015f bir \u00e7al\u0131\u015fmad\u0131r.<\/p>\n<p>\u0130ndirilen elektronik verileri okuyabilmeniz i\u00e7in, Kindle, Kabo, Mobi, Iba, Ozw, e Reader, Microsoft Reader gibi formatlara ihtiyac\u0131n\u0131z olmayacak. Arama motoruna istedi\u011finiz kelimeyi yazman\u0131z, istenilen veriye ula\u015fmak i\u00e7in yeterli olacak.<\/p>\n<p>\u00c7al\u0131\u015fma Ekonomisi, \u0130ktisat, \u0130\u015fletme Kamu Y\u00f6netimi, Maliye, Turizm \u0130\u015fletmecili\u011fi b\u00f6l\u00fcmleri haricinde bir b\u00f6l\u00fcm\u00fcndeyseniz veya bu b\u00f6l\u00fcmlerde okuman\u0131za kar\u015f\u0131n; tek dersten s\u0131nava girecekseniz hatta ilk kez e s\u00f6zl\u00fc\u011f\u00fc kullan\u0131p; emin olmak istiyorsan\u0131z, do\u011fru b\u00f6l\u00fcmdesiniz! S\u00f6zc\u00fcklerin derslere g\u00f6re ayr\u0131 ayr\u0131 tan\u0131mland\u0131\u011f\u0131, aran\u0131lan t\u00fcm verilere ula\u015f\u0131ld\u0131\u011f\u0131, b\u00f6ylece ezberleyerek de\u011fil; en az \u00f6rg\u00fcn \u00f6\u011frenci kadar \u00f6\u011frenerek mezun oldu\u011fu g\u00f6r\u00fclecektir\u2026<\/p>\n<p>T\u00fcrk \u0130dare Tarihi dersini okuyan \u00f6\u011frencilerimizin, okudu\u011fu dersle ilgili akl\u0131na tak\u0131lan t\u00fcm kelime anlamlar\u0131n\u0131, \u00e7al\u0131\u015ft\u0131\u011f\u0131 dersine g\u00f6re bulabilece\u011fi tek eserdir!.<\/p>\n<p>\u00dclkemizde benzeri olmad\u0131\u011f\u0131 gibi, Sorbonne, Oxford, Harvard \u00dcniversitesi gibi \u00fcniversitelerin bile hen\u00fcz d\u00fczenlemedi\u011fi bir giri\u015fimdir. Ebru\u2019nun S\u00f6zl\u00fc\u011f\u00fc \u00fclkemizde ilki ger\u00e7ekle\u015ftiren, akademik ba\u015f yap\u0131tt\u0131r!<\/p>\n<p>NOT: Sat\u0131n alm\u0131\u015f oldu\u011funuz dersi, internetten \u00fczerinden bilgisayar\u0131n\u0131za veya telefonunuza y\u00fckledikten sonra kullanmaya ba\u015flayacaks\u0131n\u0131z. Windows ve Android\u2019e g\u00f6re haz\u0131rlanm\u0131\u015ft\u0131r. Ders linkleri, sipari\u015f verirken girece\u011finiz mail adresine, e mail olarak g\u00f6nderilecektir.<\/p>\n","protected":false},"excerpt":{"rendered":"<p>A\u00e7\u0131k \u00f6\u011fretim ve uzaktan e\u011fitim g\u00f6ren, sorular\u0131n\u0131 istedikleri zaman soramayan \u00f6\u011frencileri, \u00f6rg\u00fcn \u00f6\u011frencilerin \u015fartlar\u0131na ta\u015f\u0131mak i\u00e7in d\u00fczenlenmi\u015f E S\u00f6zl\u00fck&#8230;<\/p>\n<p>Herhangi birisinin de\u011fil, akademisyenlerin tan\u0131mlad\u0131\u011f\u0131, g\u00fcvenilir, net, do\u011fru, h\u0131zl\u0131, mobil, ekonomik, akademik verilerin, elektronik ortamdan, istedikleri zaman ula\u015fabilecekleri elektronik verilerin bulundu\u011fu bilgi deposudur\u2026<\/p>\n<p>Sadece b\u00f6l\u00fcmler g\u00f6re de\u011fil; derslere g\u00f6re de ayr\u0131 ayr\u0131 d\u00fczenlenmi\u015f, \u0130\u0130BF dekanlar taraf\u0131ndan onaylanan, t\u00fcm aranan s\u00f6zc\u00fcklerin bulunabilece\u011fi s\u00f6zl\u00fckler setidir; Ebru\u2019nun S\u00f6zl\u00fc\u011f\u00fc\u2026.<\/p>\n","protected":false},"featured_media":1417,"comment_status":"open","ping_status":"closed","template":"","meta":[],"product_cat":[160],"product_tag":[],"class_list":["post-1076","product","type-product","status-publish","has-post-thumbnail","hentry","product_cat-dersler"],"_links":{"self":[{"href":"https:\/\/ebrununsozlugu.com\/index.php\/wp-json\/wp\/v2\/product\/1076","targetHints":{"allow":["GET"]}}],"collection":[{"href":"https:\/\/ebrununsozlugu.com\/index.php\/wp-json\/wp\/v2\/product"}],"about":[{"href":"https:\/\/ebrununsozlugu.com\/index.php\/wp-json\/wp\/v2\/types\/product"}],"replies":[{"embeddable":true,"href":"https:\/\/ebrununsozlugu.com\/index.php\/wp-json\/wp\/v2\/comments?post=1076"}],"wp:featuredmedia":[{"embeddable":true,"href":"https:\/\/ebrununsozlugu.com\/index.php\/wp-json\/wp\/v2\/media\/1417"}],"wp:attachment":[{"href":"https:\/\/ebrununsozlugu.com\/index.php\/wp-json\/wp\/v2\/media?parent=1076"}],"wp:term":[{"taxonomy":"product_cat","embeddable":true,"href":"https:\/\/ebrununsozlugu.com\/index.php\/wp-json\/wp\/v2\/product_cat?post=1076"},{"taxonomy":"product_tag","embeddable":true,"href":"https:\/\/ebrununsozlugu.com\/index.php\/wp-json\/wp\/v2\/product_tag?post=1076"}],"curies":[{"name":"wp","href":"https:\/\/api.w.org\/{rel}","templated":true}]}}